{"id":918,"date":"2025-09-25T17:42:53","date_gmt":"2025-09-25T17:42:53","guid":{"rendered":"https:\/\/oroha.com.mx\/?post_type=product&#038;p=918"},"modified":"2025-09-25T17:44:33","modified_gmt":"2025-09-25T17:44:33","slug":"dije-28372-trebol-resina-niquel","status":"publish","type":"product","link":"https:\/\/oroha.com.mx\/?product=dije-28372-trebol-resina-niquel","title":{"rendered":"Dije 28372 Tr\u00e9bol Resina N\u00edquel"},"content":{"rendered":"<p>Dije 28372 Tr\u00e9bol Resina N\u00edquel<br \/>\nMaterial metal aleaci\u00f3n zinc<br \/>\nColor N\u00edquel<br \/>\nMedidas 3.3 x 2.2 cm<br \/>\nPaso 7 mm<\/p>\n","protected":false},"excerpt":{"rendered":"<p>Dije 28372 Tr\u00e9bol Resina N\u00edquel<\/p>\n","protected":false},"featured_media":919,"comment_status":"open","ping_status":"closed","template":"","meta":[],"product_brand":[],"product_cat":[32],"product_tag":[],"class_list":{"0":"post-918","1":"product","2":"type-product","3":"status-publish","4":"has-post-thumbnail","6":"product_cat-dijes","8":"first","9":"instock","10":"shipping-taxable","11":"product-type-simple"},"_links":{"self":[{"href":"https:\/\/oroha.com.mx\/index.php?rest_route=\/wp\/v2\/product\/918","targetHints":{"allow":["GET"]}}],"collection":[{"href":"https:\/\/oroha.com.mx\/index.php?rest_route=\/wp\/v2\/product"}],"about":[{"href":"https:\/\/oroha.com.mx\/index.php?rest_route=\/wp\/v2\/types\/product"}],"replies":[{"embeddable":true,"href":"https:\/\/oroha.com.mx\/index.php?rest_route=%2Fwp%2Fv2%2Fcomments&post=918"}],"wp:featuredmedia":[{"embeddable":true,"href":"https:\/\/oroha.com.mx\/index.php?rest_route=\/wp\/v2\/media\/919"}],"wp:attachment":[{"href":"https:\/\/oroha.com.mx\/index.php?rest_route=%2Fwp%2Fv2%2Fmedia&parent=918"}],"wp:term":[{"taxonomy":"product_brand","embeddable":true,"href":"https:\/\/oroha.com.mx\/index.php?rest_route=%2Fwp%2Fv2%2Fproduct_brand&post=918"},{"taxonomy":"product_cat","embeddable":true,"href":"https:\/\/oroha.com.mx\/index.php?rest_route=%2Fwp%2Fv2%2Fproduct_cat&post=918"},{"taxonomy":"product_tag","embeddable":true,"href":"https:\/\/oroha.com.mx\/index.php?rest_route=%2Fwp%2Fv2%2Fproduct_tag&post=918"}],"curies":[{"name":"wp","href":"https:\/\/api.w.org\/{rel}","templated":true}]}}