{"id":709,"date":"2025-09-12T19:50:53","date_gmt":"2025-09-12T19:50:53","guid":{"rendered":"https:\/\/oroha.com.mx\/?post_type=product&#038;p=709"},"modified":"2025-09-12T19:53:26","modified_gmt":"2025-09-12T19:53:26","slug":"ovalo-25-mm-pavon","status":"publish","type":"product","link":"https:\/\/oroha.com.mx\/?product=ovalo-25-mm-pavon","title":{"rendered":"\u00d3valo 25 mm Pav\u00f3n"},"content":{"rendered":"<p>\u00d3valo 25 mm Pav\u00f3n<br \/>\npaso 25 mm<br \/>\ncolor pav\u00f3n<br \/>\nmaterial alambre<\/p>\n","protected":false},"excerpt":{"rendered":"<p>\u00d3valo 25 mm Pav\u00f3n<\/p>\n","protected":false},"featured_media":711,"comment_status":"open","ping_status":"closed","template":"","meta":[],"product_brand":[],"product_cat":[26],"product_tag":[],"class_list":{"0":"post-709","1":"product","2":"type-product","3":"status-publish","4":"has-post-thumbnail","6":"product_cat-ovalos","8":"first","9":"instock","10":"shipping-taxable","11":"product-type-simple"},"_links":{"self":[{"href":"https:\/\/oroha.com.mx\/index.php?rest_route=\/wp\/v2\/product\/709","targetHints":{"allow":["GET"]}}],"collection":[{"href":"https:\/\/oroha.com.mx\/index.php?rest_route=\/wp\/v2\/product"}],"about":[{"href":"https:\/\/oroha.com.mx\/index.php?rest_route=\/wp\/v2\/types\/product"}],"replies":[{"embeddable":true,"href":"https:\/\/oroha.com.mx\/index.php?rest_route=%2Fwp%2Fv2%2Fcomments&post=709"}],"wp:featuredmedia":[{"embeddable":true,"href":"https:\/\/oroha.com.mx\/index.php?rest_route=\/wp\/v2\/media\/711"}],"wp:attachment":[{"href":"https:\/\/oroha.com.mx\/index.php?rest_route=%2Fwp%2Fv2%2Fmedia&parent=709"}],"wp:term":[{"taxonomy":"product_brand","embeddable":true,"href":"https:\/\/oroha.com.mx\/index.php?rest_route=%2Fwp%2Fv2%2Fproduct_brand&post=709"},{"taxonomy":"product_cat","embeddable":true,"href":"https:\/\/oroha.com.mx\/index.php?rest_route=%2Fwp%2Fv2%2Fproduct_cat&post=709"},{"taxonomy":"product_tag","embeddable":true,"href":"https:\/\/oroha.com.mx\/index.php?rest_route=%2Fwp%2Fv2%2Fproduct_tag&post=709"}],"curies":[{"name":"wp","href":"https:\/\/api.w.org\/{rel}","templated":true}]}}