{"id":1797,"date":"2026-01-20T04:20:39","date_gmt":"2026-01-20T04:20:39","guid":{"rendered":"https:\/\/oroha.com.mx\/?post_type=product&#038;p=1797"},"modified":"2026-01-20T04:21:32","modified_gmt":"2026-01-20T04:21:32","slug":"porta-bolsa-ag-011-pavon","status":"publish","type":"product","link":"https:\/\/oroha.com.mx\/?product=porta-bolsa-ag-011-pavon","title":{"rendered":"PORTA BOLSA AG 011 PAV\u00d3N"},"content":{"rendered":"<p>Porta bolsa para colgar o exhibir bolsas, articulos.<br \/>\nMetal aleaci\u00f3n Zinc, Color Pav\u00f3n<br \/>\nAltura ajustable entre 40 y 65 cms<br \/>\n*Este exhibidor est\u00e1 dise\u00f1ado para exhibir 2 art\u00edculos<\/p>\n","protected":false},"excerpt":{"rendered":"<p>Porta bolsa AG-011 Pav\u00f3n<\/p>\n","protected":false},"featured_media":1798,"comment_status":"open","ping_status":"closed","template":"","meta":[],"product_brand":[],"product_cat":[53],"product_tag":[],"class_list":{"0":"post-1797","1":"product","2":"type-product","3":"status-publish","4":"has-post-thumbnail","6":"product_cat-porta-bolsas","8":"first","9":"instock","10":"shipping-taxable","11":"product-type-simple"},"_links":{"self":[{"href":"https:\/\/oroha.com.mx\/index.php?rest_route=\/wp\/v2\/product\/1797","targetHints":{"allow":["GET"]}}],"collection":[{"href":"https:\/\/oroha.com.mx\/index.php?rest_route=\/wp\/v2\/product"}],"about":[{"href":"https:\/\/oroha.com.mx\/index.php?rest_route=\/wp\/v2\/types\/product"}],"replies":[{"embeddable":true,"href":"https:\/\/oroha.com.mx\/index.php?rest_route=%2Fwp%2Fv2%2Fcomments&post=1797"}],"wp:featuredmedia":[{"embeddable":true,"href":"https:\/\/oroha.com.mx\/index.php?rest_route=\/wp\/v2\/media\/1798"}],"wp:attachment":[{"href":"https:\/\/oroha.com.mx\/index.php?rest_route=%2Fwp%2Fv2%2Fmedia&parent=1797"}],"wp:term":[{"taxonomy":"product_brand","embeddable":true,"href":"https:\/\/oroha.com.mx\/index.php?rest_route=%2Fwp%2Fv2%2Fproduct_brand&post=1797"},{"taxonomy":"product_cat","embeddable":true,"href":"https:\/\/oroha.com.mx\/index.php?rest_route=%2Fwp%2Fv2%2Fproduct_cat&post=1797"},{"taxonomy":"product_tag","embeddable":true,"href":"https:\/\/oroha.com.mx\/index.php?rest_route=%2Fwp%2Fv2%2Fproduct_tag&post=1797"}],"curies":[{"name":"wp","href":"https:\/\/api.w.org\/{rel}","templated":true}]}}