{"id":1779,"date":"2025-12-27T21:06:16","date_gmt":"2025-12-27T21:06:16","guid":{"rendered":"https:\/\/oroha.com.mx\/?post_type=product&#038;p=1779"},"modified":"2025-12-27T21:07:43","modified_gmt":"2025-12-27T21:07:43","slug":"ahorcador-16522-oro-niquel-y-pavon","status":"publish","type":"product","link":"https:\/\/oroha.com.mx\/?product=ahorcador-16522-oro-niquel-y-pavon","title":{"rendered":"AHORCADOR 16522 ORO, NIQUEL Y PAV\u00d3N"},"content":{"rendered":"<p>Ahorcador para bolsa, mochila y chamarra color oro, niquel y pav\u00f3n, metal de aleaci\u00f3n de zinc<\/p>\n","protected":false},"excerpt":{"rendered":"<p>AHORCADOR 16522 ORO, NIQUEL Y PAV\u00d3N<\/p>\n","protected":false},"featured_media":1780,"comment_status":"open","ping_status":"closed","template":"","meta":[],"product_brand":[],"product_cat":[52],"product_tag":[],"class_list":{"0":"post-1779","1":"product","2":"type-product","3":"status-publish","4":"has-post-thumbnail","6":"product_cat-ahorcadores","8":"first","9":"instock","10":"shipping-taxable","11":"product-type-simple"},"_links":{"self":[{"href":"https:\/\/oroha.com.mx\/index.php?rest_route=\/wp\/v2\/product\/1779","targetHints":{"allow":["GET"]}}],"collection":[{"href":"https:\/\/oroha.com.mx\/index.php?rest_route=\/wp\/v2\/product"}],"about":[{"href":"https:\/\/oroha.com.mx\/index.php?rest_route=\/wp\/v2\/types\/product"}],"replies":[{"embeddable":true,"href":"https:\/\/oroha.com.mx\/index.php?rest_route=%2Fwp%2Fv2%2Fcomments&post=1779"}],"wp:featuredmedia":[{"embeddable":true,"href":"https:\/\/oroha.com.mx\/index.php?rest_route=\/wp\/v2\/media\/1780"}],"wp:attachment":[{"href":"https:\/\/oroha.com.mx\/index.php?rest_route=%2Fwp%2Fv2%2Fmedia&parent=1779"}],"wp:term":[{"taxonomy":"product_brand","embeddable":true,"href":"https:\/\/oroha.com.mx\/index.php?rest_route=%2Fwp%2Fv2%2Fproduct_brand&post=1779"},{"taxonomy":"product_cat","embeddable":true,"href":"https:\/\/oroha.com.mx\/index.php?rest_route=%2Fwp%2Fv2%2Fproduct_cat&post=1779"},{"taxonomy":"product_tag","embeddable":true,"href":"https:\/\/oroha.com.mx\/index.php?rest_route=%2Fwp%2Fv2%2Fproduct_tag&post=1779"}],"curies":[{"name":"wp","href":"https:\/\/api.w.org\/{rel}","templated":true}]}}