{"id":1518,"date":"2025-10-29T15:38:08","date_gmt":"2025-10-29T15:38:08","guid":{"rendered":"https:\/\/oroha.com.mx\/?post_type=product&#038;p=1518"},"modified":"2025-10-29T15:39:20","modified_gmt":"2025-10-29T15:39:20","slug":"iman-14-mm-pavon","status":"publish","type":"product","link":"https:\/\/oroha.com.mx\/?product=iman-14-mm-pavon","title":{"rendered":"Im\u00e1n 14 mm Pav\u00f3n"},"content":{"rendered":"<p>Im\u00e1n 14 mm Pav\u00f3n<br \/>\nMedidas 1.4 cm<br \/>\nMaterial Metal aleaci\u00f3n zinc<br \/>\nColor Pav\u00f3n<\/p>\n<p>&nbsp;<\/p>\n<p>&nbsp;<\/p>\n","protected":false},"excerpt":{"rendered":"<p>Im\u00e1n 14 mm Pav\u00f3n<\/p>\n","protected":false},"featured_media":1519,"comment_status":"open","ping_status":"closed","template":"","meta":[],"product_brand":[],"product_cat":[47],"product_tag":[],"class_list":{"0":"post-1518","1":"product","2":"type-product","3":"status-publish","4":"has-post-thumbnail","6":"product_cat-broches-de-iman","8":"first","9":"instock","10":"shipping-taxable","11":"product-type-simple"},"_links":{"self":[{"href":"https:\/\/oroha.com.mx\/index.php?rest_route=\/wp\/v2\/product\/1518","targetHints":{"allow":["GET"]}}],"collection":[{"href":"https:\/\/oroha.com.mx\/index.php?rest_route=\/wp\/v2\/product"}],"about":[{"href":"https:\/\/oroha.com.mx\/index.php?rest_route=\/wp\/v2\/types\/product"}],"replies":[{"embeddable":true,"href":"https:\/\/oroha.com.mx\/index.php?rest_route=%2Fwp%2Fv2%2Fcomments&post=1518"}],"wp:featuredmedia":[{"embeddable":true,"href":"https:\/\/oroha.com.mx\/index.php?rest_route=\/wp\/v2\/media\/1519"}],"wp:attachment":[{"href":"https:\/\/oroha.com.mx\/index.php?rest_route=%2Fwp%2Fv2%2Fmedia&parent=1518"}],"wp:term":[{"taxonomy":"product_brand","embeddable":true,"href":"https:\/\/oroha.com.mx\/index.php?rest_route=%2Fwp%2Fv2%2Fproduct_brand&post=1518"},{"taxonomy":"product_cat","embeddable":true,"href":"https:\/\/oroha.com.mx\/index.php?rest_route=%2Fwp%2Fv2%2Fproduct_cat&post=1518"},{"taxonomy":"product_tag","embeddable":true,"href":"https:\/\/oroha.com.mx\/index.php?rest_route=%2Fwp%2Fv2%2Fproduct_tag&post=1518"}],"curies":[{"name":"wp","href":"https:\/\/api.w.org\/{rel}","templated":true}]}}