{"id":191,"date":"2025-06-28T16:57:26","date_gmt":"2025-06-28T16:57:26","guid":{"rendered":"https:\/\/oroha.com.mx\/?page_id=191"},"modified":"2025-06-28T16:57:26","modified_gmt":"2025-06-28T16:57:26","slug":"contacto","status":"publish","type":"page","link":"https:\/\/oroha.com.mx\/?page_id=191","title":{"rendered":"Contacto"},"content":{"rendered":"\n<p>Oro Herrajes y Accesorios<br><br>Cont\u00e1ctanos v\u00eda whatsapp o llamada telef\u00f3nica<br>331450 3649<br><br>Nuestra tienda f\u00edsica est\u00e1 ubicada en<br>Calle Federaci\u00f3n 1287 col Oblatos CP. 44730 <br>Guadalajara, Jalisco, M\u00e9xico. <br><br>Nuestro horario de atenci\u00f3n es de<br>Lunes a Viernes de 9 a 2:45 y 3:30 a 5<br>S\u00e1bados de 9 a 12:45<br><br>Ser\u00e1 un placer mostrarte nuestros productos de forma f\u00edsica. <br><\/p>\n","protected":false},"excerpt":{"rendered":"<p>Oro Herrajes y Accesorios Cont\u00e1ctanos v\u00eda whatsapp o llamada telef\u00f3nica331450 3649 Nuestra tienda f\u00edsica est\u00e1 ubicada enCalle Federaci\u00f3n 1287 col Oblatos CP. 44730 Guadalajara, Jalisco, M\u00e9xico. Nuestro horario de atenci\u00f3n es deLunes a Viernes de 9 a 2:45 y 3:30 a 5S\u00e1bados de 9 a 12:45 Ser\u00e1 un placer mostrarte nuestros productos de forma f\u00edsica.<\/p>\n","protected":false},"author":1,"featured_media":0,"parent":0,"menu_order":0,"comment_status":"closed","ping_status":"closed","template":"","meta":{"footnotes":""},"class_list":["post-191","page","type-page","status-publish","hentry"],"_links":{"self":[{"href":"https:\/\/oroha.com.mx\/index.php?rest_route=\/wp\/v2\/pages\/191","targetHints":{"allow":["GET"]}}],"collection":[{"href":"https:\/\/oroha.com.mx\/index.php?rest_route=\/wp\/v2\/pages"}],"about":[{"href":"https:\/\/oroha.com.mx\/index.php?rest_route=\/wp\/v2\/types\/page"}],"author":[{"embeddable":true,"href":"https:\/\/oroha.com.mx\/index.php?rest_route=\/wp\/v2\/users\/1"}],"replies":[{"embeddable":true,"href":"https:\/\/oroha.com.mx\/index.php?rest_route=%2Fwp%2Fv2%2Fcomments&post=191"}],"version-history":[{"count":1,"href":"https:\/\/oroha.com.mx\/index.php?rest_route=\/wp\/v2\/pages\/191\/revisions"}],"predecessor-version":[{"id":192,"href":"https:\/\/oroha.com.mx\/index.php?rest_route=\/wp\/v2\/pages\/191\/revisions\/192"}],"wp:attachment":[{"href":"https:\/\/oroha.com.mx\/index.php?rest_route=%2Fwp%2Fv2%2Fmedia&parent=191"}],"curies":[{"name":"wp","href":"https:\/\/api.w.org\/{rel}","templated":true}]}}